{"id":1124,"date":"2017-12-15T16:14:29","date_gmt":"2017-12-15T15:14:29","guid":{"rendered":"http:\/\/fol20.robertoquiros.es\/?page_id=1124"},"modified":"2020-03-18T13:02:01","modified_gmt":"2020-03-18T12:02:01","slug":"1-4-poder-legislativo","status":"publish","type":"page","link":"https:\/\/fol20.robertoquiros.es\/?page_id=1124","title":{"rendered":"1.4 Poder Legislativo"},"content":{"rendered":"<p align=\"JUSTIFY\">El poder legislativo del Estado, o Cortes Generales, esta representado en dos C\u00e1maras: el Congreso de los Diputados y el Senado. Sus miembros se eligen democr\u00e1ticamente, cada 4 a\u00f1os. Su labor principal es elaborar y aprobar leyes.<\/p>\n\n\n<figure class=\"wp-block-image size-large\"><img loading=\"lazy\" decoding=\"async\" width=\"1000\" height=\"567\" src=\"http:\/\/fol20.robertoquiros.es\/wp-content\/uploads\/2020\/03\/Congreso.jpg\" alt=\"\" class=\"wp-image-1472\" srcset=\"https:\/\/fol20.robertoquiros.es\/wp-content\/uploads\/2020\/03\/Congreso.jpg 1000w, https:\/\/fol20.robertoquiros.es\/wp-content\/uploads\/2020\/03\/Congreso-300x170.jpg 300w, https:\/\/fol20.robertoquiros.es\/wp-content\/uploads\/2020\/03\/Congreso-768x435.jpg 768w\" sizes=\"auto, (max-width: 1000px) 100vw, 1000px\" \/><figcaption>Proc\/JFIF\/EFE-Calidad:Excelente<\/figcaption><\/figure>\n\n\n\n<figure class=\"wp-block-image size-large\"><img loading=\"lazy\" decoding=\"async\" width=\"1024\" height=\"600\" src=\"http:\/\/fol20.robertoquiros.es\/wp-content\/uploads\/2020\/03\/Senado-1024x600.jpg\" alt=\"\" class=\"wp-image-1473\" srcset=\"https:\/\/fol20.robertoquiros.es\/wp-content\/uploads\/2020\/03\/Senado-1024x600.jpg 1024w, https:\/\/fol20.robertoquiros.es\/wp-content\/uploads\/2020\/03\/Senado-300x176.jpg 300w, https:\/\/fol20.robertoquiros.es\/wp-content\/uploads\/2020\/03\/Senado-768x450.jpg 768w, https:\/\/fol20.robertoquiros.es\/wp-content\/uploads\/2020\/03\/Senado.jpg 1366w\" sizes=\"auto, (max-width: 1024px) 100vw, 1024px\" \/><\/figure>\n","protected":false},"excerpt":{"rendered":"<p>El poder legislativo del Estado, o Cortes Generales, esta representado en dos C\u00e1maras: el Congreso de los Diputados y el Senado. Sus miembros se eligen democr\u00e1ticamente, cada 4 a\u00f1os. Su labor principal es elaborar y aprobar leyes.<\/p>\n","protected":false},"author":1,"featured_media":0,"parent":4,"menu_order":4,"comment_status":"closed","ping_status":"closed","template":"","meta":{"footnotes":""},"class_list":["post-1124","page","type-page","status-publish","hentry"],"_links":{"self":[{"href":"https:\/\/fol20.robertoquiros.es\/index.php?rest_route=\/wp\/v2\/pages\/1124","targetHints":{"allow":["GET"]}}],"collection":[{"href":"https:\/\/fol20.robertoquiros.es\/index.php?rest_route=\/wp\/v2\/pages"}],"about":[{"href":"https:\/\/fol20.robertoquiros.es\/index.php?rest_route=\/wp\/v2\/types\/page"}],"author":[{"embeddable":true,"href":"https:\/\/fol20.robertoquiros.es\/index.php?rest_route=\/wp\/v2\/users\/1"}],"replies":[{"embeddable":true,"href":"https:\/\/fol20.robertoquiros.es\/index.php?rest_route=%2Fwp%2Fv2%2Fcomments&post=1124"}],"version-history":[{"count":3,"href":"https:\/\/fol20.robertoquiros.es\/index.php?rest_route=\/wp\/v2\/pages\/1124\/revisions"}],"predecessor-version":[{"id":1474,"href":"https:\/\/fol20.robertoquiros.es\/index.php?rest_route=\/wp\/v2\/pages\/1124\/revisions\/1474"}],"up":[{"embeddable":true,"href":"https:\/\/fol20.robertoquiros.es\/index.php?rest_route=\/wp\/v2\/pages\/4"}],"wp:attachment":[{"href":"https:\/\/fol20.robertoquiros.es\/index.php?rest_route=%2Fwp%2Fv2%2Fmedia&parent=1124"}],"curies":[{"name":"wp","href":"https:\/\/api.w.org\/{rel}","templated":true}]}}