{"id":110,"date":"2015-01-29T15:03:57","date_gmt":"2015-01-29T14:03:57","guid":{"rendered":"http:\/\/folnuevo.fol20.es\/?page_id=110"},"modified":"2020-03-18T16:37:29","modified_gmt":"2020-03-18T15:37:29","slug":"9-3-proteccion-individual","status":"publish","type":"page","link":"https:\/\/fol20.robertoquiros.es\/?page_id=110","title":{"rendered":"9.3 Protecci\u00f3n individual"},"content":{"rendered":"<div class=\"art-layout-wrapper\">\n<div class=\"art-content-layout\">\n<div class=\"art-content-layout-row\">\n<div class=\"art-layout-cell art-content\">\n<div class=\"item-page\">\n<article class=\"art-post\">\n<div class=\"art-postcontent clearfix\">\n<div class=\"art-article\">\n<p align=\"JUSTIFY\">El empresario debe suministrar de forma gratuita a los trabajadores los equipos de protecci\u00f3n individual (EPI) necesarios y adecuados para realizar el trabajo y, adem\u00e1s, sustituirlos por otros cuando se deterioren. Los EPI se suministrar\u00e1n al trabajador con un manual de instrucciones en un idioma comprensible, d\u00e1ndole la formaci\u00f3n necesaria trabajador para que aprenda a utilizarlos de forma correcta y eficaz. El trabajador debe contar con una taquilla, o similar, donde guardar los EPI.<\/p>\n<p align=\"CENTER\"><span style=\"color: #0000ff; background-color: #ccffff;\"><span style=\"font-family: Calibri, sans-serif;\"><span style=\"font-size: large; background-color: #ccffff;\"><b>RECUERDA que\u2026<\/b><\/span><\/span><\/span><\/p>\n<p align=\"CENTER\"><span style=\"color: #0000ff; background-color: #ccffff;\"><span style=\"font-family: Calibri, sans-serif;\"><b>Las medidas de protecci\u00f3n individual se aplicar\u00e1n cuando las medidas colectivas sean ineficaces o insuficientes.<\/b><\/span><\/span><\/p>\n<p><a href=\"http:\/\/folnuevo.fol20.es\/wp-content\/uploads\/2015\/01\/epi.jpg\"><img loading=\"lazy\" decoding=\"async\" class=\"alignnone size-full wp-image-111\" src=\"http:\/\/folnuevo.fol20.es\/wp-content\/uploads\/2015\/01\/epi.jpg\" alt=\"epi\" width=\"483\" height=\"260\" srcset=\"https:\/\/fol20.robertoquiros.es\/wp-content\/uploads\/2015\/01\/epi.jpg 483w, https:\/\/fol20.robertoquiros.es\/wp-content\/uploads\/2015\/01\/epi-300x161.jpg 300w\" sizes=\"auto, (max-width: 483px) 100vw, 483px\" \/><\/a><\/p>\n<p align=\"center\"><strong>Ejemplos de EPI <\/strong><\/p>\n<p><iframe loading=\"lazy\" src=\"http:\/\/es.slideshare.net\/slideshow\/embed_code\/16161289\" width=\"597\" height=\"486\" frameborder=\"0\" marginwidth=\"0\" marginheight=\"0\" scrolling=\"no\" allowfullscreen=\"allowfullscreen\"> <\/iframe><\/p>\n<div><\/div>\n<div><strong>Videos<\/strong><\/div>\n<div><strong>\u00a0<\/strong><\/div>\n<div><strong>\u00a0<\/strong><\/div>\n<div><strong>Arnes de seguridad<br \/>\n<\/strong><\/div>\n<p><iframe loading=\"lazy\" src=\"http:\/\/www.youtube.com\/embed\/8GO-AbPR5Bo?rel=0\" width=\"640\" height=\"480\" frameborder=\"0\" allowfullscreen=\"allowfullscreen\"><\/iframe><\/p>\n<p><strong>Barreras de protecci\u00f3n<\/strong><\/p>\n<p><iframe loading=\"lazy\" src=\"http:\/\/www.youtube.com\/embed\/MA8osbaErXY?rel=0\" width=\"640\" height=\"480\" frameborder=\"0\" allowfullscreen=\"allowfullscreen\"><\/iframe><\/p>\n<p>Protecci\u00f3n de las manos<\/p>\n<p><iframe loading=\"lazy\" src=\"http:\/\/www.youtube.com\/embed\/wCIz0xtrghU?rel=0\" width=\"640\" height=\"480\" frameborder=\"0\" allowfullscreen=\"allowfullscreen\"><\/iframe><\/p>\n<\/div>\n<\/div>\n<\/article>\n<\/div>\n<\/div>\n<\/div>\n<\/div>\n<\/div>\n<footer class=\"art-footer\">\n<div class=\"art-content-layout\"><\/div>\n<\/footer>\n","protected":false},"excerpt":{"rendered":"<p>El empresario debe suministrar de forma gratuita a los trabajadores los equipos de protecci\u00f3n individual (EPI) necesarios y adecuados para realizar el trabajo y, adem\u00e1s, sustituirlos por otros cuando se deterioren. Los EPI se suministrar\u00e1n al trabajador con un manual &hellip; <a href=\"https:\/\/fol20.robertoquiros.es\/?page_id=110\">Sigue leyendo <span class=\"meta-nav\">&rarr;<\/span><\/a><\/p>\n","protected":false},"author":1,"featured_media":0,"parent":21,"menu_order":3,"comment_status":"closed","ping_status":"open","template":"","meta":{"footnotes":""},"class_list":["post-110","page","type-page","status-publish","hentry"],"_links":{"self":[{"href":"https:\/\/fol20.robertoquiros.es\/index.php?rest_route=\/wp\/v2\/pages\/110","targetHints":{"allow":["GET"]}}],"collection":[{"href":"https:\/\/fol20.robertoquiros.es\/index.php?rest_route=\/wp\/v2\/pages"}],"about":[{"href":"https:\/\/fol20.robertoquiros.es\/index.php?rest_route=\/wp\/v2\/types\/page"}],"author":[{"embeddable":true,"href":"https:\/\/fol20.robertoquiros.es\/index.php?rest_route=\/wp\/v2\/users\/1"}],"replies":[{"embeddable":true,"href":"https:\/\/fol20.robertoquiros.es\/index.php?rest_route=%2Fwp%2Fv2%2Fcomments&post=110"}],"version-history":[{"count":4,"href":"https:\/\/fol20.robertoquiros.es\/index.php?rest_route=\/wp\/v2\/pages\/110\/revisions"}],"predecessor-version":[{"id":1540,"href":"https:\/\/fol20.robertoquiros.es\/index.php?rest_route=\/wp\/v2\/pages\/110\/revisions\/1540"}],"up":[{"embeddable":true,"href":"https:\/\/fol20.robertoquiros.es\/index.php?rest_route=\/wp\/v2\/pages\/21"}],"wp:attachment":[{"href":"https:\/\/fol20.robertoquiros.es\/index.php?rest_route=%2Fwp%2Fv2%2Fmedia&parent=110"}],"curies":[{"name":"wp","href":"https:\/\/api.w.org\/{rel}","templated":true}]}}