{"id":103,"date":"2015-01-29T14:54:50","date_gmt":"2015-01-29T13:54:50","guid":{"rendered":"http:\/\/folnuevo.fol20.es\/?page_id=103"},"modified":"2020-03-18T16:34:13","modified_gmt":"2020-03-18T15:34:13","slug":"9-1-prevencion-y-proteccion","status":"publish","type":"page","link":"https:\/\/fol20.robertoquiros.es\/?page_id=103","title":{"rendered":"9.1 Prevenci\u00f3n y Protecci\u00f3n"},"content":{"rendered":"<div class=\"art-layout-wrapper\">\n<div class=\"art-content-layout\">\n<div class=\"art-content-layout-row\">\n<div class=\"art-layout-cell art-content\">\n<div class=\"item-page\">\n<article class=\"art-post\">\n<div class=\"art-postcontent clearfix\">\n<div class=\"art-article\">\n<p>Aunque parecen conceptos similares, hay que delimitar la diferencia entre:<\/p>\n<table border=\"1\" width=\"742\" cellspacing=\"0\" cellpadding=\"9\">\n<colgroup>\n<col width=\"110\" \/>\n<col width=\"594\" \/> <\/colgroup>\n<tbody>\n<tr valign=\"TOP\">\n<td width=\"110\">\n<p align=\"CENTER\"><b>prevenci\u00f3n<\/b><\/p>\n<\/td>\n<td width=\"594\">Busca eliminar los riesgos de tal manera que no puedan producir ning\u00fan da\u00f1o a la seguridad y salud de los trabajadores.<\/td>\n<\/tr>\n<tr valign=\"TOP\">\n<td width=\"110\">\n<p align=\"CENTER\"><b>protecci\u00f3n<\/b><\/p>\n<\/td>\n<td width=\"594\">Se basa en adoptar medidas que minimicen las consecuencias de los riesgos en la salud y seguridad de los trabajadores.<\/td>\n<\/tr>\n<\/tbody>\n<\/table>\n<p align=\"JUSTIFY\"><b> <\/b><span style=\"color: #000000;\"><span lang=\"es-ES\"><b>La Ley de Prevenci\u00f3n de Riesgos Laborales (LPRL),<\/b><\/span><\/span><span style=\"color: #000000;\"><span lang=\"es-ES\"> establece como principios de la prevenci\u00f3n de riesgos, adem\u00e1s de \u201c<\/span><\/span><span style=\"color: #000000;\"><span lang=\"es-ES\"><i>evitar los riesgos<\/i><\/span><\/span><span style=\"color: #000000;\"><span lang=\"es-ES\">\u201d y \u201c<\/span><\/span><span style=\"color: #000000;\"><span lang=\"es-ES\"><i>evaluar los riesgos que no se puedan evitar<\/i><\/span><\/span><span style=\"color: #000000;\"><span lang=\"es-ES\">\u201d:<\/span><\/span><\/p>\n<ul>\n<li>\n<p lang=\"es-ES\" align=\"JUSTIFY\"><span style=\"color: #000000;\">Combatir los riesgos en su origen.<\/span><\/p>\n<\/li>\n<li>\n<p lang=\"es-ES\" align=\"JUSTIFY\"><span style=\"color: #000000;\">Adaptar el trabajo a la persona, en particular en lo que respecta a la concepci\u00f3n de los puestos de trabajo, a la elecci\u00f3n de los equipos y los m\u00e9todos de trabajo y de producci\u00f3n.<\/span><\/p>\n<\/li>\n<li>\n<p lang=\"es-ES\" align=\"JUSTIFY\"><span style=\"color: #000000;\">Sustituir lo peligroso por lo que entra\u00f1e poco o ning\u00fan peligro.<\/span><\/p>\n<\/li>\n<li>\n<p lang=\"es-ES\" align=\"JUSTIFY\"><span style=\"color: #000000;\">Adoptar medidas que antepongan la protecci\u00f3n colectiva a la individual.<\/span><\/p>\n<\/li>\n<\/ul>\n<p align=\"CENTER\"><span style=\"color: #0000ff; background-color: #ccffff;\"><span style=\"font-family: Calibri, sans-serif;\"><span style=\"font-size: large; background-color: #ccffff;\"><b>RECUERDA que\u2026<\/b><\/span><\/span><\/span><\/p>\n<p align=\"CENTER\"><span style=\"color: #0000ff; background-color: #ccffff;\"><span style=\"font-family: Calibri, sans-serif;\"><b>La prevenci\u00f3n en la empresa debe contemplarse como una acci\u00f3n integral, es decir, debe implicar a todos los trabajadores y a todas las tareas o trabajos.<\/b><\/span><\/span><\/p>\n<p><strong>Prevenci\u00f3n y protecci\u00f3n<\/strong><\/p>\n<p><strong>\u00a0<\/strong> <iframe loading=\"lazy\" src=\"http:\/\/es.slideshare.net\/slideshow\/embed_code\/16161269\" width=\"597\" height=\"486\" frameborder=\"0\" marginwidth=\"0\" marginheight=\"0\" scrolling=\"no\" allowfullscreen=\"allowfullscreen\"> <\/iframe><\/p>\n<p><strong>Disciplinas preventivas<\/strong><\/p>\n<p><iframe loading=\"lazy\" src=\"http:\/\/es.slideshare.net\/slideshow\/embed_code\/16161243\" width=\"597\" height=\"486\" frameborder=\"0\" marginwidth=\"0\" marginheight=\"0\" scrolling=\"no\" allowfullscreen=\"allowfullscreen\"> <\/iframe><\/p>\n<div><\/div>\n<\/div>\n<\/div>\n<\/article>\n<\/div>\n<\/div>\n<\/div>\n<\/div>\n<\/div>\n<footer class=\"art-footer\">\n<div class=\"art-content-layout\"><\/div>\n<\/footer>\n","protected":false},"excerpt":{"rendered":"<p>Aunque parecen conceptos similares, hay que delimitar la diferencia entre: prevenci\u00f3n Busca eliminar los riesgos de tal manera que no puedan producir ning\u00fan da\u00f1o a la seguridad y salud de los trabajadores. protecci\u00f3n Se basa en adoptar medidas que minimicen &hellip; <a href=\"https:\/\/fol20.robertoquiros.es\/?page_id=103\">Sigue leyendo <span class=\"meta-nav\">&rarr;<\/span><\/a><\/p>\n","protected":false},"author":1,"featured_media":0,"parent":21,"menu_order":1,"comment_status":"closed","ping_status":"open","template":"","meta":{"footnotes":""},"class_list":["post-103","page","type-page","status-publish","hentry"],"_links":{"self":[{"href":"https:\/\/fol20.robertoquiros.es\/index.php?rest_route=\/wp\/v2\/pages\/103","targetHints":{"allow":["GET"]}}],"collection":[{"href":"https:\/\/fol20.robertoquiros.es\/index.php?rest_route=\/wp\/v2\/pages"}],"about":[{"href":"https:\/\/fol20.robertoquiros.es\/index.php?rest_route=\/wp\/v2\/types\/page"}],"author":[{"embeddable":true,"href":"https:\/\/fol20.robertoquiros.es\/index.php?rest_route=\/wp\/v2\/users\/1"}],"replies":[{"embeddable":true,"href":"https:\/\/fol20.robertoquiros.es\/index.php?rest_route=%2Fwp%2Fv2%2Fcomments&post=103"}],"version-history":[{"count":3,"href":"https:\/\/fol20.robertoquiros.es\/index.php?rest_route=\/wp\/v2\/pages\/103\/revisions"}],"predecessor-version":[{"id":1538,"href":"https:\/\/fol20.robertoquiros.es\/index.php?rest_route=\/wp\/v2\/pages\/103\/revisions\/1538"}],"up":[{"embeddable":true,"href":"https:\/\/fol20.robertoquiros.es\/index.php?rest_route=\/wp\/v2\/pages\/21"}],"wp:attachment":[{"href":"https:\/\/fol20.robertoquiros.es\/index.php?rest_route=%2Fwp%2Fv2%2Fmedia&parent=103"}],"curies":[{"name":"wp","href":"https:\/\/api.w.org\/{rel}","templated":true}]}}